{"id":54,"date":"2025-05-31T05:56:38","date_gmt":"2025-05-31T05:56:38","guid":{"rendered":"https:\/\/dev252.kodesolution.com\/digiplus\/?page_id=54"},"modified":"2025-05-31T05:56:38","modified_gmt":"2025-05-31T05:56:38","slug":"projects","status":"publish","type":"page","link":"https:\/\/unikatmd.com\/index.php\/projects\/","title":{"rendered":"Projects"},"content":{"rendered":"\t\t<div data-elementor-type=\"wp-page\" data-elementor-id=\"54\" class=\"elementor elementor-54\">\n\t\t\t\t<div class=\"elementor-element elementor-element-c4a0e78 e-flex e-con-boxed tm-col-stretched-none tm-bg-color-over-image e-con e-parent\" data-id=\"c4a0e78\" data-element_type=\"container\" data-e-type=\"container\">\n\t\t\t\t\t<div class=\"e-con-inner\">\n\t\t<div class=\"elementor-element elementor-element-eaaa9b0 e-con-full e-flex tm-col-stretched-none tm-bg-color-over-image e-con e-child\" data-id=\"eaaa9b0\" data-element_type=\"container\" data-e-type=\"container\">\n\t\t<div class=\"elementor-element elementor-element-045b072 e-con-full tm-col-stretched-none e-flex tm-bg-color-over-image e-con e-child\" data-id=\"045b072\" data-element_type=\"container\" data-e-type=\"container\">\n\t\t<div class=\"elementor-element elementor-element-13105ed e-con-full e-flex tm-col-stretched-none tm-bg-color-over-image e-con e-child\" data-id=\"13105ed\" data-element_type=\"container\" data-e-type=\"container\">\n\t\t<div class=\"elementor-element elementor-element-cbdcbfb e-con-full e-flex tm-col-stretched-none tm-bg-color-over-image e-con e-child\" data-id=\"cbdcbfb\" data-element_type=\"container\" data-e-type=\"container\">\n\t\t\t\t<div class=\"elementor-element elementor-element-ab216ee elementor-widget elementor-widget-tm-ele-cpt-projects\" data-id=\"ab216ee\" data-element_type=\"widget\" data-e-type=\"widget\" data-widget_type=\"tm-ele-cpt-projects.skin-style-current-theme1\">\n\t\t\t\t<div class=\"elementor-widget-container\">\n\t\t\t\t\t\t<div class=\"tm-sc-projects tm-sc-projects-grid border-radius-around-box\">\r\n\t\t\r\n\t\r\n\t\t<!-- Isotope Gallery Grid -->\r\n\t\t<div id=\"projects-holder-441834\" class=\"isotope-layout grid-1 gutter-10 clearfix\">\r\n\t\t\t<div class=\"isotope-layout-inner\">\r\n\r\n                <!-- the loop -->\r\n                                                <div class=\"isotope-item design\">\r\n                    <div class=\"project-item projects-current-theme1\">\n\t<div class=\"inner-box\">\n\t\t<div class=\"image-box\">\n\t\t\t<div class=\"image\">\n\t\t\t\t<img fetchpriority=\"high\" decoding=\"async\" width=\"550\" height=\"550\" src=\"https:\/\/unikatmd.com\/wp-content\/uploads\/2025\/06\/Stari-hrast-550x550.jpg\" class=\"img-fullwidth wp-post-image\" alt=\"\" srcset=\"https:\/\/unikatmd.com\/wp-content\/uploads\/2025\/06\/Stari-hrast-550x550.jpg 550w, https:\/\/unikatmd.com\/wp-content\/uploads\/2025\/06\/Stari-hrast-300x300.jpg 300w, https:\/\/unikatmd.com\/wp-content\/uploads\/2025\/06\/Stari-hrast-1024x1024.jpg 1024w, https:\/\/unikatmd.com\/wp-content\/uploads\/2025\/06\/Stari-hrast-150x150.jpg 150w, https:\/\/unikatmd.com\/wp-content\/uploads\/2025\/06\/Stari-hrast-768x768.jpg 768w, https:\/\/unikatmd.com\/wp-content\/uploads\/2025\/06\/Stari-hrast-600x600.jpg 600w, https:\/\/unikatmd.com\/wp-content\/uploads\/2025\/06\/Stari-hrast-100x100.jpg 100w, https:\/\/unikatmd.com\/wp-content\/uploads\/2025\/06\/Stari-hrast.jpg 1080w\" sizes=\"(max-width: 550px) 100vw, 550px\" \/>        <img fetchpriority=\"high\" decoding=\"async\" width=\"550\" height=\"550\" src=\"https:\/\/unikatmd.com\/wp-content\/uploads\/2025\/06\/Stari-hrast-550x550.jpg\" class=\"img-fullwidth wp-post-image\" alt=\"\" srcset=\"https:\/\/unikatmd.com\/wp-content\/uploads\/2025\/06\/Stari-hrast-550x550.jpg 550w, https:\/\/unikatmd.com\/wp-content\/uploads\/2025\/06\/Stari-hrast-300x300.jpg 300w, https:\/\/unikatmd.com\/wp-content\/uploads\/2025\/06\/Stari-hrast-1024x1024.jpg 1024w, https:\/\/unikatmd.com\/wp-content\/uploads\/2025\/06\/Stari-hrast-150x150.jpg 150w, https:\/\/unikatmd.com\/wp-content\/uploads\/2025\/06\/Stari-hrast-768x768.jpg 768w, https:\/\/unikatmd.com\/wp-content\/uploads\/2025\/06\/Stari-hrast-600x600.jpg 600w, https:\/\/unikatmd.com\/wp-content\/uploads\/2025\/06\/Stari-hrast-100x100.jpg 100w, https:\/\/unikatmd.com\/wp-content\/uploads\/2025\/06\/Stari-hrast.jpg 1080w\" sizes=\"(max-width: 550px) 100vw, 550px\" \/>\t\t\t<\/div>\n\t\t<\/div>\n\t\t<div class=\"content-box\">\n\n\t\t\t\t\t\t\t<h4 class=\"title\">Marketing restorana<\/h4>\n\t\t\t\n\t\t\t\t\t\t\t<ul class=\"cat-list\">\n\t\t\t\t\t<li>Ve\u0107 pet godina Unikat MD strate\u0161ki vodi digitalije ovog brenda, od profila sa oko 1.000 pratilaca do zajednice koja danas broji vi\u0161e od 12.000 i bilje\u017ei konstantan organski rast.<span> \/<\/span><\/li>\t\t\t\t<\/ul>\n\t\t\t\t\t<\/div>\n\t<\/div>\n<\/div>                <\/div>\r\n                                <!-- end of the loop -->\r\n\t\t\t<\/div>\r\n\t\t<\/div>\r\n\t\t\t<\/div>\r\n\r\n\r\n\t\t\t\t<\/div>\n\t\t\t\t<\/div>\n\t\t\t\t<\/div>\n\t\t<div class=\"elementor-element elementor-element-49e7c05 e-con-full tm-col-stretched-none e-flex tm-bg-color-over-image e-con e-child\" data-id=\"49e7c05\" data-element_type=\"container\" data-e-type=\"container\">\n\t\t\t\t<div class=\"elementor-element elementor-element-d8d5947 elementor-widget elementor-widget-tm-ele-cpt-projects\" data-id=\"d8d5947\" data-element_type=\"widget\" data-e-type=\"widget\" data-widget_type=\"tm-ele-cpt-projects.skin-style-current-theme1\">\n\t\t\t\t<div class=\"elementor-widget-container\">\n\t\t\t\t\t\t<div class=\"tm-sc-projects tm-sc-projects-grid border-radius-around-box\">\r\n\t\t\r\n\t\r\n\t\t<!-- Isotope Gallery Grid -->\r\n\t\t<div id=\"projects-holder-848616\" class=\"isotope-layout grid-1 gutter-10 clearfix\">\r\n\t\t\t<div class=\"isotope-layout-inner\">\r\n\r\n                <!-- the loop -->\r\n                                                <div class=\"isotope-item foto-video-produkcija\">\r\n                    <div class=\"project-item projects-current-theme1\">\n\t<div class=\"inner-box\">\n\t\t<div class=\"image-box\">\n\t\t\t<div class=\"image\">\n\t\t\t\t<img decoding=\"async\" width=\"600\" height=\"800\" src=\"https:\/\/unikatmd.com\/wp-content\/uploads\/2025\/06\/Skybar-cover-Nenad-Osmanovic-600x800.jpg\" class=\"img-fullwidth wp-post-image\" alt=\"\" srcset=\"https:\/\/unikatmd.com\/wp-content\/uploads\/2025\/06\/Skybar-cover-Nenad-Osmanovic-600x800.jpg 600w, https:\/\/unikatmd.com\/wp-content\/uploads\/2025\/06\/Skybar-cover-Nenad-Osmanovic-225x300.jpg 225w, https:\/\/unikatmd.com\/wp-content\/uploads\/2025\/06\/Skybar-cover-Nenad-Osmanovic-768x1024.jpg 768w, https:\/\/unikatmd.com\/wp-content\/uploads\/2025\/06\/Skybar-cover-Nenad-Osmanovic-1152x1536.jpg 1152w, https:\/\/unikatmd.com\/wp-content\/uploads\/2025\/06\/Skybar-cover-Nenad-Osmanovic-1536x2048.jpg 1536w, https:\/\/unikatmd.com\/wp-content\/uploads\/2025\/06\/Skybar-cover-Nenad-Osmanovic-400x532.jpg 400w, https:\/\/unikatmd.com\/wp-content\/uploads\/2025\/06\/Skybar-cover-Nenad-Osmanovic-scaled.jpg 1440w\" sizes=\"(max-width: 600px) 100vw, 600px\" \/>        <img decoding=\"async\" width=\"600\" height=\"800\" src=\"https:\/\/unikatmd.com\/wp-content\/uploads\/2025\/06\/Skybar-cover-Nenad-Osmanovic-600x800.jpg\" class=\"img-fullwidth wp-post-image\" alt=\"\" srcset=\"https:\/\/unikatmd.com\/wp-content\/uploads\/2025\/06\/Skybar-cover-Nenad-Osmanovic-600x800.jpg 600w, https:\/\/unikatmd.com\/wp-content\/uploads\/2025\/06\/Skybar-cover-Nenad-Osmanovic-225x300.jpg 225w, https:\/\/unikatmd.com\/wp-content\/uploads\/2025\/06\/Skybar-cover-Nenad-Osmanovic-768x1024.jpg 768w, https:\/\/unikatmd.com\/wp-content\/uploads\/2025\/06\/Skybar-cover-Nenad-Osmanovic-1152x1536.jpg 1152w, https:\/\/unikatmd.com\/wp-content\/uploads\/2025\/06\/Skybar-cover-Nenad-Osmanovic-1536x2048.jpg 1536w, https:\/\/unikatmd.com\/wp-content\/uploads\/2025\/06\/Skybar-cover-Nenad-Osmanovic-400x532.jpg 400w, https:\/\/unikatmd.com\/wp-content\/uploads\/2025\/06\/Skybar-cover-Nenad-Osmanovic-scaled.jpg 1440w\" sizes=\"(max-width: 600px) 100vw, 600px\" \/>\t\t\t<\/div>\n\t\t<\/div>\n\t\t<div class=\"content-box\">\n\n\t\t\t\t\t\t\t<h4 class=\"title\">Video produkcija<\/h4>\n\t\t\t\n\t\t\t\t\t\t\t<ul class=\"cat-list\">\n\t\t\t\t\t<li>Profesionalna video produkcija - Od ideje i snimanja do monta\u017ee i finalne obrade, stvaramo vizuelno i zvu\u010dno kvalitetan sadr\u017eaj koji isti\u010de emociju, autenti\u010dnost i identitet izvo\u0111a\u010da.<span> \/<\/span><\/li>\t\t\t\t<\/ul>\n\t\t\t\t\t<\/div>\n\t<\/div>\n<\/div>                <\/div>\r\n                                <!-- end of the loop -->\r\n\t\t\t<\/div>\r\n\t\t<\/div>\r\n\t\t\t<\/div>\r\n\r\n\r\n\t\t\t\t<\/div>\n\t\t\t\t<\/div>\n\t\t\t\t<\/div>\n\t\t\t\t<\/div>\n\t\t<div class=\"elementor-element elementor-element-c3c9e6a e-con-full tm-col-stretched-none e-flex tm-bg-color-over-image e-con e-child\" data-id=\"c3c9e6a\" data-element_type=\"container\" data-e-type=\"container\">\n\t\t<div class=\"elementor-element elementor-element-eb5869e e-con-full e-flex tm-col-stretched-none tm-bg-color-over-image e-con e-child\" data-id=\"eb5869e\" data-element_type=\"container\" data-e-type=\"container\">\n\t\t\t\t<div class=\"elementor-element elementor-element-9005777 elementor-widget elementor-widget-tm-ele-cpt-projects\" data-id=\"9005777\" data-element_type=\"widget\" data-e-type=\"widget\" data-widget_type=\"tm-ele-cpt-projects.skin-style-current-theme1\">\n\t\t\t\t<div class=\"elementor-widget-container\">\n\t\t\t\t\t\t<div class=\"tm-sc-projects tm-sc-projects-grid border-radius-around-box\">\r\n\t\t\r\n\t\r\n\t\t<!-- Isotope Gallery Grid -->\r\n\t\t<div id=\"projects-holder-285909\" class=\"isotope-layout grid-1 gutter-10 clearfix\">\r\n\t\t\t<div class=\"isotope-layout-inner\">\r\n\r\n                <!-- the loop -->\r\n                                                <div class=\"isotope-item complete-web-build\">\r\n                    <div class=\"project-item projects-current-theme1\">\n\t<div class=\"inner-box\">\n\t\t<div class=\"image-box\">\n\t\t\t<div class=\"image\">\n\t\t\t\t<img decoding=\"async\" width=\"600\" height=\"800\" src=\"https:\/\/unikatmd.com\/wp-content\/uploads\/2025\/06\/sajt-600x800.png\" class=\"img-fullwidth wp-post-image\" alt=\"\" srcset=\"https:\/\/unikatmd.com\/wp-content\/uploads\/2025\/06\/sajt-600x800.png 600w, https:\/\/unikatmd.com\/wp-content\/uploads\/2025\/06\/sajt-225x300.png 225w, https:\/\/unikatmd.com\/wp-content\/uploads\/2025\/06\/sajt-768x1024.png 768w, https:\/\/unikatmd.com\/wp-content\/uploads\/2025\/06\/sajt-400x532.png 400w, https:\/\/unikatmd.com\/wp-content\/uploads\/2025\/06\/sajt.png 1053w\" sizes=\"(max-width: 600px) 100vw, 600px\" \/>        <img decoding=\"async\" width=\"600\" height=\"800\" src=\"https:\/\/unikatmd.com\/wp-content\/uploads\/2025\/06\/sajt-600x800.png\" class=\"img-fullwidth wp-post-image\" alt=\"\" srcset=\"https:\/\/unikatmd.com\/wp-content\/uploads\/2025\/06\/sajt-600x800.png 600w, https:\/\/unikatmd.com\/wp-content\/uploads\/2025\/06\/sajt-225x300.png 225w, https:\/\/unikatmd.com\/wp-content\/uploads\/2025\/06\/sajt-768x1024.png 768w, https:\/\/unikatmd.com\/wp-content\/uploads\/2025\/06\/sajt-400x532.png 400w, https:\/\/unikatmd.com\/wp-content\/uploads\/2025\/06\/sajt.png 1053w\" sizes=\"(max-width: 600px) 100vw, 600px\" \/>\t\t\t<\/div>\n\t\t<\/div>\n\t\t<div class=\"content-box\">\n\n\t\t\t\t\t\t\t<h4 class=\"title\">Na\u0161 novi web sajt<\/h4>\n\t\t\t\n\t\t\t\t\t\t\t<ul class=\"cat-list\">\n\t\t\t\t\t<li>Unikat MD nudi kompletnu izradu web sajtova, od ideje i dizajna do tehni\u010dke realizacije i optimizacije performansi.<span> \/<\/span><\/li>\t\t\t\t<\/ul>\n\t\t\t\t\t<\/div>\n\t<\/div>\n<\/div>                <\/div>\r\n                                <!-- end of the loop -->\r\n\t\t\t<\/div>\r\n\t\t<\/div>\r\n\t\t\t<\/div>\r\n\r\n\r\n\t\t\t\t<\/div>\n\t\t\t\t<\/div>\n\t\t\t\t<\/div>\n\t\t<div class=\"elementor-element elementor-element-831f31f e-con-full tm-col-stretched-none e-flex tm-bg-color-over-image e-con e-child\" data-id=\"831f31f\" data-element_type=\"container\" data-e-type=\"container\">\n\t\t\t\t<div class=\"elementor-element elementor-element-457c5ca elementor-widget elementor-widget-tm-ele-cpt-projects\" data-id=\"457c5ca\" data-element_type=\"widget\" data-e-type=\"widget\" data-widget_type=\"tm-ele-cpt-projects.skin-style-current-theme1\">\n\t\t\t\t<div class=\"elementor-widget-container\">\n\t\t\t\t\t\t<div class=\"tm-sc-projects tm-sc-projects-grid border-radius-around-box\">\r\n\t\t\r\n\t\r\n\t\t<!-- Isotope Gallery Grid -->\r\n\t\t<div id=\"projects-holder-633150\" class=\"isotope-layout grid-1 gutter-10 clearfix\">\r\n\t\t\t<div class=\"isotope-layout-inner\">\r\n\r\n                <!-- the loop -->\r\n                                                <div class=\"isotope-item velike-zvijezde\">\r\n                    <div class=\"project-item projects-current-theme1\">\n\t<div class=\"inner-box\">\n\t\t<div class=\"image-box\">\n\t\t\t<div class=\"image\">\n\t\t\t\t<img loading=\"lazy\" decoding=\"async\" width=\"550\" height=\"550\" src=\"https:\/\/unikatmd.com\/wp-content\/uploads\/2025\/11\/Tea-Tairovic-550x550.jpg\" class=\"img-fullwidth wp-post-image\" alt=\"\" srcset=\"https:\/\/unikatmd.com\/wp-content\/uploads\/2025\/11\/Tea-Tairovic-550x550.jpg 550w, https:\/\/unikatmd.com\/wp-content\/uploads\/2025\/11\/Tea-Tairovic-300x300.jpg 300w, https:\/\/unikatmd.com\/wp-content\/uploads\/2025\/11\/Tea-Tairovic-1024x1024.jpg 1024w, https:\/\/unikatmd.com\/wp-content\/uploads\/2025\/11\/Tea-Tairovic-150x150.jpg 150w, https:\/\/unikatmd.com\/wp-content\/uploads\/2025\/11\/Tea-Tairovic-768x768.jpg 768w, https:\/\/unikatmd.com\/wp-content\/uploads\/2025\/11\/Tea-Tairovic-1536x1536.jpg 1536w, https:\/\/unikatmd.com\/wp-content\/uploads\/2025\/11\/Tea-Tairovic-2048x2048.jpg 2048w, https:\/\/unikatmd.com\/wp-content\/uploads\/2025\/11\/Tea-Tairovic-1100x1100.jpg 1100w, https:\/\/unikatmd.com\/wp-content\/uploads\/2025\/11\/Tea-Tairovic-600x600.jpg 600w, https:\/\/unikatmd.com\/wp-content\/uploads\/2025\/11\/Tea-Tairovic-100x100.jpg 100w, https:\/\/unikatmd.com\/wp-content\/uploads\/2025\/11\/Tea-Tairovic-scaled.jpg 1920w\" sizes=\"(max-width: 550px) 100vw, 550px\" \/>        <img loading=\"lazy\" decoding=\"async\" width=\"550\" height=\"550\" src=\"https:\/\/unikatmd.com\/wp-content\/uploads\/2025\/11\/Tea-Tairovic-550x550.jpg\" class=\"img-fullwidth wp-post-image\" alt=\"\" srcset=\"https:\/\/unikatmd.com\/wp-content\/uploads\/2025\/11\/Tea-Tairovic-550x550.jpg 550w, https:\/\/unikatmd.com\/wp-content\/uploads\/2025\/11\/Tea-Tairovic-300x300.jpg 300w, https:\/\/unikatmd.com\/wp-content\/uploads\/2025\/11\/Tea-Tairovic-1024x1024.jpg 1024w, https:\/\/unikatmd.com\/wp-content\/uploads\/2025\/11\/Tea-Tairovic-150x150.jpg 150w, https:\/\/unikatmd.com\/wp-content\/uploads\/2025\/11\/Tea-Tairovic-768x768.jpg 768w, https:\/\/unikatmd.com\/wp-content\/uploads\/2025\/11\/Tea-Tairovic-1536x1536.jpg 1536w, https:\/\/unikatmd.com\/wp-content\/uploads\/2025\/11\/Tea-Tairovic-2048x2048.jpg 2048w, https:\/\/unikatmd.com\/wp-content\/uploads\/2025\/11\/Tea-Tairovic-1100x1100.jpg 1100w, https:\/\/unikatmd.com\/wp-content\/uploads\/2025\/11\/Tea-Tairovic-600x600.jpg 600w, https:\/\/unikatmd.com\/wp-content\/uploads\/2025\/11\/Tea-Tairovic-100x100.jpg 100w, https:\/\/unikatmd.com\/wp-content\/uploads\/2025\/11\/Tea-Tairovic-scaled.jpg 1920w\" sizes=\"(max-width: 550px) 100vw, 550px\" \/>\t\t\t<\/div>\n\t\t<\/div>\n\t\t<div class=\"content-box\">\n\n\t\t\t\t\t\t\t<h4 class=\"title\">Rad sa velikim muzi\u010dkim zvijezdama<\/h4>\n\t\t\t\n\t\t\t\t\t\t\t<ul class=\"cat-list\">\n\t\t\t\t\t<li>Unikat MD sara\u0111uje sa velikim muzi\u010dkim zvijezdama na snimanju i kompletnoj video monta\u017ei velikih koncerata.<span> \/<\/span><\/li>\t\t\t\t<\/ul>\n\t\t\t\t\t<\/div>\n\t<\/div>\n<\/div>                <\/div>\r\n                                <!-- end of the loop -->\r\n\t\t\t<\/div>\r\n\t\t<\/div>\r\n\t\t\t<\/div>\r\n\r\n\r\n\t\t\t\t<\/div>\n\t\t\t\t<\/div>\n\t\t\t\t<\/div>\n\t\t\t\t<\/div>\n\t\t<div class=\"elementor-element elementor-element-1578dba e-con-full tm-col-stretched-none e-flex tm-bg-color-over-image e-con e-child\" data-id=\"1578dba\" data-element_type=\"container\" data-e-type=\"container\">\n\t\t<div class=\"elementor-element elementor-element-ffca715 e-con-full e-flex tm-col-stretched-none tm-bg-color-over-image e-con e-child\" data-id=\"ffca715\" data-element_type=\"container\" data-e-type=\"container\">\n\t\t\t\t<div class=\"elementor-element elementor-element-125c3df elementor-widget elementor-widget-tm-ele-cpt-projects\" data-id=\"125c3df\" data-element_type=\"widget\" data-e-type=\"widget\" data-widget_type=\"tm-ele-cpt-projects.skin-style-current-theme1\">\n\t\t\t\t<div class=\"elementor-widget-container\">\n\t\t\t\t\t\t<div class=\"tm-sc-projects tm-sc-projects-grid border-radius-around-box\">\r\n\t\t\r\n\t\r\n\t\t<!-- Isotope Gallery Grid -->\r\n\t\t<div id=\"projects-holder-166285\" class=\"isotope-layout grid-1 gutter-10 clearfix\">\r\n\t\t\t<div class=\"isotope-layout-inner\">\r\n\r\n                <!-- the loop -->\r\n                                                <div class=\"isotope-item kompletna-marketing-strategija\">\r\n                    <div class=\"project-item projects-current-theme1\">\n\t<div class=\"inner-box\">\n\t\t<div class=\"image-box\">\n\t\t\t<div class=\"image\">\n\t\t\t\t<img loading=\"lazy\" decoding=\"async\" width=\"550\" height=\"550\" src=\"https:\/\/unikatmd.com\/wp-content\/uploads\/2025\/06\/Monamis-550x550.jpg\" class=\"img-fullwidth wp-post-image\" alt=\"\" srcset=\"https:\/\/unikatmd.com\/wp-content\/uploads\/2025\/06\/Monamis-550x550.jpg 550w, https:\/\/unikatmd.com\/wp-content\/uploads\/2025\/06\/Monamis-300x300.jpg 300w, https:\/\/unikatmd.com\/wp-content\/uploads\/2025\/06\/Monamis-1024x1024.jpg 1024w, https:\/\/unikatmd.com\/wp-content\/uploads\/2025\/06\/Monamis-150x150.jpg 150w, https:\/\/unikatmd.com\/wp-content\/uploads\/2025\/06\/Monamis-768x768.jpg 768w, https:\/\/unikatmd.com\/wp-content\/uploads\/2025\/06\/Monamis-1536x1536.jpg 1536w, https:\/\/unikatmd.com\/wp-content\/uploads\/2025\/06\/Monamis-2048x2048.jpg 2048w, https:\/\/unikatmd.com\/wp-content\/uploads\/2025\/06\/Monamis-1100x1100.jpg 1100w, https:\/\/unikatmd.com\/wp-content\/uploads\/2025\/06\/Monamis-600x600.jpg 600w, https:\/\/unikatmd.com\/wp-content\/uploads\/2025\/06\/Monamis-100x100.jpg 100w, https:\/\/unikatmd.com\/wp-content\/uploads\/2025\/06\/Monamis-scaled.jpg 1920w\" sizes=\"(max-width: 550px) 100vw, 550px\" \/>        <img loading=\"lazy\" decoding=\"async\" width=\"550\" height=\"550\" src=\"https:\/\/unikatmd.com\/wp-content\/uploads\/2025\/06\/Monamis-550x550.jpg\" class=\"img-fullwidth wp-post-image\" alt=\"\" srcset=\"https:\/\/unikatmd.com\/wp-content\/uploads\/2025\/06\/Monamis-550x550.jpg 550w, https:\/\/unikatmd.com\/wp-content\/uploads\/2025\/06\/Monamis-300x300.jpg 300w, https:\/\/unikatmd.com\/wp-content\/uploads\/2025\/06\/Monamis-1024x1024.jpg 1024w, https:\/\/unikatmd.com\/wp-content\/uploads\/2025\/06\/Monamis-150x150.jpg 150w, https:\/\/unikatmd.com\/wp-content\/uploads\/2025\/06\/Monamis-768x768.jpg 768w, https:\/\/unikatmd.com\/wp-content\/uploads\/2025\/06\/Monamis-1536x1536.jpg 1536w, https:\/\/unikatmd.com\/wp-content\/uploads\/2025\/06\/Monamis-2048x2048.jpg 2048w, https:\/\/unikatmd.com\/wp-content\/uploads\/2025\/06\/Monamis-1100x1100.jpg 1100w, https:\/\/unikatmd.com\/wp-content\/uploads\/2025\/06\/Monamis-600x600.jpg 600w, https:\/\/unikatmd.com\/wp-content\/uploads\/2025\/06\/Monamis-100x100.jpg 100w, https:\/\/unikatmd.com\/wp-content\/uploads\/2025\/06\/Monamis-scaled.jpg 1920w\" sizes=\"(max-width: 550px) 100vw, 550px\" \/>\t\t\t<\/div>\n\t\t<\/div>\n\t\t<div class=\"content-box\">\n\n\t\t\t\t\t\t\t<h4 class=\"title\">Na\u0161 tim na terenu<\/h4>\n\t\t\t\n\t\t\t\t\t\t\t<ul class=\"cat-list\">\n\t\t\t\t\t<li>.<span> \/<\/span><\/li>\t\t\t\t<\/ul>\n\t\t\t\t\t<\/div>\n\t<\/div>\n<\/div>                <\/div>\r\n                                <!-- end of the loop -->\r\n\t\t\t<\/div>\r\n\t\t<\/div>\r\n\t\t\t<\/div>\r\n\r\n\r\n\t\t\t\t<\/div>\n\t\t\t\t<\/div>\n\t\t\t\t<\/div>\n\t\t<div class=\"elementor-element elementor-element-2564999 e-con-full tm-col-stretched-none e-flex tm-bg-color-over-image e-con e-child\" data-id=\"2564999\" data-element_type=\"container\" data-e-type=\"container\">\n\t\t\t\t<div class=\"elementor-element elementor-element-3c10d01 elementor-widget elementor-widget-tm-ele-cpt-projects\" data-id=\"3c10d01\" data-element_type=\"widget\" data-e-type=\"widget\" data-widget_type=\"tm-ele-cpt-projects.skin-style-current-theme1\">\n\t\t\t\t<div class=\"elementor-widget-container\">\n\t\t\t\t\t\t<div class=\"tm-sc-projects tm-sc-projects-grid border-radius-around-box\">\r\n\t\t\r\n\t\r\n\t\t<!-- Isotope Gallery Grid -->\r\n\t\t<div id=\"projects-holder-274972\" class=\"isotope-layout grid-1 gutter-10 clearfix\">\r\n\t\t\t<div class=\"isotope-layout-inner\">\r\n\r\n                <!-- the loop -->\r\n                                                <div class=\"isotope-item vodjenje-drustvenih-mreza-projekat\">\r\n                    <div class=\"project-item projects-current-theme1\">\n\t<div class=\"inner-box\">\n\t\t<div class=\"image-box\">\n\t\t\t<div class=\"image\">\n\t\t\t\t<img loading=\"lazy\" decoding=\"async\" width=\"400\" height=\"532\" src=\"https:\/\/unikatmd.com\/wp-content\/uploads\/2025\/06\/Sadik-Hasanovic-Dreams-400x532.jpg\" class=\"img-fullwidth wp-post-image\" alt=\"\" srcset=\"https:\/\/unikatmd.com\/wp-content\/uploads\/2025\/06\/Sadik-Hasanovic-Dreams-400x532.jpg 400w, https:\/\/unikatmd.com\/wp-content\/uploads\/2025\/06\/Sadik-Hasanovic-Dreams-225x300.jpg 225w, https:\/\/unikatmd.com\/wp-content\/uploads\/2025\/06\/Sadik-Hasanovic-Dreams-768x1024.jpg 768w, https:\/\/unikatmd.com\/wp-content\/uploads\/2025\/06\/Sadik-Hasanovic-Dreams-1152x1536.jpg 1152w, https:\/\/unikatmd.com\/wp-content\/uploads\/2025\/06\/Sadik-Hasanovic-Dreams-1536x2048.jpg 1536w, https:\/\/unikatmd.com\/wp-content\/uploads\/2025\/06\/Sadik-Hasanovic-Dreams-600x800.jpg 600w, https:\/\/unikatmd.com\/wp-content\/uploads\/2025\/06\/Sadik-Hasanovic-Dreams-scaled.jpg 1440w\" sizes=\"(max-width: 400px) 100vw, 400px\" \/>        <img loading=\"lazy\" decoding=\"async\" width=\"400\" height=\"532\" src=\"https:\/\/unikatmd.com\/wp-content\/uploads\/2025\/06\/Sadik-Hasanovic-Dreams-400x532.jpg\" class=\"img-fullwidth wp-post-image\" alt=\"\" srcset=\"https:\/\/unikatmd.com\/wp-content\/uploads\/2025\/06\/Sadik-Hasanovic-Dreams-400x532.jpg 400w, https:\/\/unikatmd.com\/wp-content\/uploads\/2025\/06\/Sadik-Hasanovic-Dreams-225x300.jpg 225w, https:\/\/unikatmd.com\/wp-content\/uploads\/2025\/06\/Sadik-Hasanovic-Dreams-768x1024.jpg 768w, https:\/\/unikatmd.com\/wp-content\/uploads\/2025\/06\/Sadik-Hasanovic-Dreams-1152x1536.jpg 1152w, https:\/\/unikatmd.com\/wp-content\/uploads\/2025\/06\/Sadik-Hasanovic-Dreams-1536x2048.jpg 1536w, https:\/\/unikatmd.com\/wp-content\/uploads\/2025\/06\/Sadik-Hasanovic-Dreams-600x800.jpg 600w, https:\/\/unikatmd.com\/wp-content\/uploads\/2025\/06\/Sadik-Hasanovic-Dreams-scaled.jpg 1440w\" sizes=\"(max-width: 400px) 100vw, 400px\" \/>\t\t\t<\/div>\n\t\t<\/div>\n\t\t<div class=\"content-box\">\n\n\t\t\t\t\t\t\t<h4 class=\"title\">Vo\u0111enje dru\u0161tvenih mre\u017ea<\/h4>\n\t\t\t\n\t\t\t\t\t\t\t<ul class=\"cat-list\">\n\t\t\t\t\t<li>Unikat MD se bavi kompletnim vo\u0111enjem dru\u0161tvenih mre\u017ea. Od strategije i planiranja sadr\u017eaja do svakodnevne objave, komunikacije i rasta profila, gradimo sna\u017ean digitalni imid\u017e.<span> \/<\/span><\/li>\t\t\t\t<\/ul>\n\t\t\t\t\t<\/div>\n\t<\/div>\n<\/div>                <\/div>\r\n                                <!-- end of the loop -->\r\n\t\t\t<\/div>\r\n\t\t<\/div>\r\n\t\t\t<\/div>\r\n\r\n\r\n\t\t\t\t<\/div>\n\t\t\t\t<\/div>\n\t\t\t\t<\/div>\n\t\t\t\t<\/div>\n\t\t\t\t<\/div>\n\t\t\t\t<\/div>\n\t\t\t\t\t<\/div>\n\t\t\t\t<\/div>\n\t\t\t\t<\/div>\n\t\t","protected":false},"excerpt":{"rendered":"<p>Social Media Campaigns Creative Agency \/ Creative Branding Agency Technology \/ UI\/UX Design Platform Design \/ Video Production Development \/&#8230;<\/p>\n","protected":false},"author":1,"featured_media":0,"parent":0,"menu_order":0,"comment_status":"closed","ping_status":"closed","template":"","meta":{"_monsterinsights_skip_tracking":false,"_monsterinsights_sitenote_active":false,"_monsterinsights_sitenote_note":"","_monsterinsights_sitenote_category":0,"footnotes":"","_wp_rev_ctl_limit":""},"class_list":["post-54","page","type-page","status-publish","hentry"],"aioseo_notices":[],"_links":{"self":[{"href":"https:\/\/unikatmd.com\/index.php\/wp-json\/wp\/v2\/pages\/54","targetHints":{"allow":["GET"]}}],"collection":[{"href":"https:\/\/unikatmd.com\/index.php\/wp-json\/wp\/v2\/pages"}],"about":[{"href":"https:\/\/unikatmd.com\/index.php\/wp-json\/wp\/v2\/types\/page"}],"author":[{"embeddable":true,"href":"https:\/\/unikatmd.com\/index.php\/wp-json\/wp\/v2\/users\/1"}],"replies":[{"embeddable":true,"href":"https:\/\/unikatmd.com\/index.php\/wp-json\/wp\/v2\/comments?post=54"}],"version-history":[{"count":0,"href":"https:\/\/unikatmd.com\/index.php\/wp-json\/wp\/v2\/pages\/54\/revisions"}],"wp:attachment":[{"href":"https:\/\/unikatmd.com\/index.php\/wp-json\/wp\/v2\/media?parent=54"}],"curies":[{"name":"wp","href":"https:\/\/api.w.org\/{rel}","templated":true}]}}